{"id":7146,"date":"2019-04-15T16:25:27","date_gmt":"2019-04-15T16:25:27","guid":{"rendered":"https:\/\/cab-vietnam.org\/?page_id=7146"},"modified":"2019-04-22T19:42:57","modified_gmt":"2019-04-22T19:42:57","slug":"nhung-gi-chung-toi-lam","status":"publish","type":"page","link":"https:\/\/cab-vietnam.org\/?page_id=7146","title":{"rendered":"Ch\u00fang t\u00f4i l\u00e0m gi\u0300?"},"content":{"rendered":"<section class=\"l-section wpb_row height_medium\"><div class=\"l-section-h i-cf\"><div class=\"g-cols vc_row type_default valign_top\"><div class=\"vc_col-sm-12 wpb_column vc_column_container\"><div class=\"vc_column-inner\"><div class=\"wpb_wrapper\"><div class=\"w-grid type_grid layout_portfolio_2 cols_3 height_fixed\" id=\"us_grid_1\"><style id=\"us_grid_1_css\">#us_grid_1 .w-grid-item{padding:1.5rem}#us_grid_1 .w-grid-list{margin:-1.5rem}.w-grid + #us_grid_1 .w-grid-list{margin-top:1.5rem}.l-section.width_full .vc_row>.vc_col-sm-12>div>div>#us_grid_1 .w-grid-list{margin-left:1.5rem; margin-right:1.5rem}.l-section.height_auto .vc_row>.vc_col-sm-12>div>div>#us_grid_1:first-child .w-grid-list{margin-top:1.5rem}.l-section.height_auto .vc_row>.vc_col-sm-12>div>div>#us_grid_1:last-child .w-grid-list{margin-bottom:1.5rem}@media (max-width:899px){#us_grid_1 .w-grid-item{width:50%}#us_grid_1 .w-grid-item.size_2x1,#us_grid_1 .w-grid-item.size_2x2{width:100%}}@media (max-width:599px){#us_grid_1 .w-grid-list{margin:0 }#us_grid_1 .w-grid-item{width:100%;padding:0; margin-bottom:1.5rem}}<\/style><style>#us_grid_1 .w-grid-item-h:before{padding-bottom:100.0000%}@media (min-width:600px){#us_grid_1 .w-grid-item.size_1x2 .w-grid-item-h:before{padding-bottom:calc(200% + 1.5rem + 1.5rem)}#us_grid_1 .w-grid-item.size_2x1 .w-grid-item-h:before{padding-bottom:calc(50% - 1.5rem * 1)}#us_grid_1 .w-grid-item.size_2x2 .w-grid-item-h:before{padding-bottom:calc(100% - 1.5rem * 0)}}#us_grid_1 .w-grid-item-h{background-color:#333333}#us_grid_1 .usg_post_image_1{}#us_grid_1 .usg_post_image_1{transition-duration:0.35s;transform:scale(1) translate(0%,0%)}#us_grid_1 .w-grid-item-h:hover .usg_post_image_1{transform:scale(1.1) translate(0%,0%);opacity:0.1}#us_grid_1 .usg_vwrapper_1{background:linear-gradient( transparent, rgba(30,30,30,0.8))}#us_grid_1 .usg_post_title_1{font-size:1.2rem;color:#ffffff}#us_grid_1 .usg_post_date_1{font-size:0.9rem;color:#ffffff}#us_grid_1 .usg_post_image_1{position:absolute;top:0;right:0;bottom:0;left:0}#us_grid_1 .usg_vwrapper_1{position:absolute;right:0;bottom:0;left:0;padding-top:4rem;padding-right:2rem;padding-bottom:1.5rem;padding-left:2rem}<\/style><div class=\"w-grid-list\"><article class=\"w-grid-item ratio_1x1 size_1x1 post-13264 us_portfolio type-us_portfolio status-publish has-post-thumbnail hentry us_portfolio_category-ban-tin-vi us_portfolio_category-du-an-vi\" data-id=\"13264\">\r\n\t<div class=\"w-grid-item-h\">\r\n\t\t\t\t\t<a class=\"w-grid-item-anchor\" href=\"https:\/\/cab-vietnam.org\/?us_portfolio=dien-dan-thanh-nien-phat-trien-ben-vung-2025\" rel=\"bookmark\" aria-label=\"Di\u1ec5n \u0111\u00e0n thanh ni\u00ean Ph\u00e1t tri\u1ec3n b\u1ec1n v\u1eefng 2025\"><\/a>\r\n\t\t\t\t<div class=\"w-grid-item-elm usg_post_image_1 post_image\"><img loading=\"lazy\" decoding=\"async\" width=\"1024\" height=\"576\" src=\"https:\/\/cab-vietnam.org\/wp-content\/uploads\/2025\/09\/536873910_1087985500144962_2602019706454602824_n-1024x576.jpg\" class=\"attachment-large size-large wp-post-image\" alt=\"\" srcset=\"https:\/\/cab-vietnam.org\/wp-content\/uploads\/2025\/09\/536873910_1087985500144962_2602019706454602824_n-1024x576.jpg 1024w, https:\/\/cab-vietnam.org\/wp-content\/uploads\/2025\/09\/536873910_1087985500144962_2602019706454602824_n-300x169.jpg 300w, https:\/\/cab-vietnam.org\/wp-content\/uploads\/2025\/09\/536873910_1087985500144962_2602019706454602824_n-1536x864.jpg 1536w, https:\/\/cab-vietnam.org\/wp-content\/uploads\/2025\/09\/536873910_1087985500144962_2602019706454602824_n-600x338.jpg 600w, https:\/\/cab-vietnam.org\/wp-content\/uploads\/2025\/09\/536873910_1087985500144962_2602019706454602824_n.jpg 2048w\" sizes=\"(max-width: 1024px) 100vw, 1024px\" \/><\/div><div class=\"w-vwrapper usg_vwrapper_1 align_left valign_top bg_gradient \"><h2 class=\"w-grid-item-elm usg_post_title_1 color_link_inherit with_text_color post_title entry-title\">Di\u1ec5n \u0111\u00e0n thanh ni\u00ean Ph\u00e1t tri\u1ec3n b\u1ec1n v\u1eefng 2025<\/h2><time class=\"w-grid-item-elm usg_post_date_1 with_text_color post_date entry-date published\" datetime=\"2025-08-20 09:00:53\">Th\u00e1ng T\u00e1m 20, 2025<\/time><\/div>\t<\/div>\r\n<\/article>\r\n<article class=\"w-grid-item ratio_1x1 size_1x1 post-13250 us_portfolio type-us_portfolio status-publish has-post-thumbnail hentry us_portfolio_category-ban-tin-vi us_portfolio_category-du-an-vi\" data-id=\"13250\">\r\n\t<div class=\"w-grid-item-h\">\r\n\t\t\t\t\t<a class=\"w-grid-item-anchor\" href=\"https:\/\/cab-vietnam.org\/?us_portfolio=giam-nhua-trong-truong-hoc-san-sang-nhan-rong\" rel=\"bookmark\" aria-label=\"Gi\u1ea3m nh\u1ef1a trong tr\u01b0\u1eddng h\u1ecdc \u2013 S\u1eb5n s\u00e0ng nh\u00e2n r\u1ed9ng\"><\/a>\r\n\t\t\t\t<div class=\"w-grid-item-elm usg_post_image_1 post_image\"><img loading=\"lazy\" decoding=\"async\" width=\"1024\" height=\"768\" src=\"https:\/\/cab-vietnam.org\/wp-content\/uploads\/2025\/09\/526606119_1073861741557338_3030029130299619008_n-1024x768.jpg\" class=\"attachment-large size-large wp-post-image\" alt=\"\" srcset=\"https:\/\/cab-vietnam.org\/wp-content\/uploads\/2025\/09\/526606119_1073861741557338_3030029130299619008_n-1024x768.jpg 1024w, https:\/\/cab-vietnam.org\/wp-content\/uploads\/2025\/09\/526606119_1073861741557338_3030029130299619008_n-300x225.jpg 300w, https:\/\/cab-vietnam.org\/wp-content\/uploads\/2025\/09\/526606119_1073861741557338_3030029130299619008_n-600x450.jpg 600w, https:\/\/cab-vietnam.org\/wp-content\/uploads\/2025\/09\/526606119_1073861741557338_3030029130299619008_n.jpg 1154w\" sizes=\"(max-width: 1024px) 100vw, 1024px\" \/><\/div><div class=\"w-vwrapper usg_vwrapper_1 align_left valign_top bg_gradient \"><h2 class=\"w-grid-item-elm usg_post_title_1 color_link_inherit with_text_color post_title entry-title\">Gi\u1ea3m nh\u1ef1a trong tr\u01b0\u1eddng h\u1ecdc \u2013 S\u1eb5n s\u00e0ng nh\u00e2n r\u1ed9ng<\/h2><time class=\"w-grid-item-elm usg_post_date_1 with_text_color post_date entry-date published\" datetime=\"2025-08-02 09:00:10\">Th\u00e1ng T\u00e1m 2, 2025<\/time><\/div>\t<\/div>\r\n<\/article>\r\n<article class=\"w-grid-item ratio_1x1 size_1x1 post-13233 us_portfolio type-us_portfolio status-publish has-post-thumbnail hentry us_portfolio_category-ban-tin-vi us_portfolio_category-du-an-vi\" data-id=\"13233\">\r\n\t<div class=\"w-grid-item-h\">\r\n\t\t\t\t\t<a class=\"w-grid-item-anchor\" href=\"https:\/\/cab-vietnam.org\/?us_portfolio=bao-cao-nghien-cuu-moi-ban-do-nguoi-thu-gom-rac-tai-viet-nam\" rel=\"bookmark\" aria-label=\"B\u00e1o c\u00e1o nghi\u00ean c\u1ee9u m\u1edbi: B\u1ea3n \u0111\u1ed3 ng\u01b0\u1eddi thu gom r\u00e1c t\u1ea1i Vi\u1ec7t Nam\"><\/a>\r\n\t\t\t\t<div class=\"w-grid-item-elm usg_post_image_1 post_image\"><img loading=\"lazy\" decoding=\"async\" width=\"844\" height=\"633\" src=\"https:\/\/cab-vietnam.org\/wp-content\/uploads\/2025\/09\/524880792_1070952921848220_7051110758715205041_n.jpg\" class=\"attachment-large size-large wp-post-image\" alt=\"\" srcset=\"https:\/\/cab-vietnam.org\/wp-content\/uploads\/2025\/09\/524880792_1070952921848220_7051110758715205041_n.jpg 844w, https:\/\/cab-vietnam.org\/wp-content\/uploads\/2025\/09\/524880792_1070952921848220_7051110758715205041_n-300x225.jpg 300w, https:\/\/cab-vietnam.org\/wp-content\/uploads\/2025\/09\/524880792_1070952921848220_7051110758715205041_n-600x450.jpg 600w\" sizes=\"(max-width: 844px) 100vw, 844px\" \/><\/div><div class=\"w-vwrapper usg_vwrapper_1 align_left valign_top bg_gradient \"><h2 class=\"w-grid-item-elm usg_post_title_1 color_link_inherit with_text_color post_title entry-title\">B\u00e1o c\u00e1o nghi\u00ean c\u1ee9u m\u1edbi: B\u1ea3n \u0111\u1ed3 ng\u01b0\u1eddi thu gom r\u00e1c t\u1ea1i Vi\u1ec7t Nam<\/h2><time class=\"w-grid-item-elm usg_post_date_1 with_text_color post_date entry-date published\" datetime=\"2025-07-29 09:00:19\">Th\u00e1ng B\u1ea3y 29, 2025<\/time><\/div>\t<\/div>\r\n<\/article>\r\n<article class=\"w-grid-item ratio_1x1 size_1x1 post-13227 us_portfolio type-us_portfolio status-publish has-post-thumbnail hentry us_portfolio_category-ban-tin-vi us_portfolio_category-du-an-vi\" data-id=\"13227\">\r\n\t<div class=\"w-grid-item-h\">\r\n\t\t\t\t\t<a class=\"w-grid-item-anchor\" href=\"https:\/\/cab-vietnam.org\/?us_portfolio=thanh-nien-va-phat-trien-ben-vung\" rel=\"bookmark\" aria-label=\"Thanh ni\u00ean v\u00e0 Ph\u00e1t tri\u1ec3n b\u1ec1n v\u1eefng\"><\/a>\r\n\t\t\t\t<div class=\"w-grid-item-elm usg_post_image_1 post_image\"><img loading=\"lazy\" decoding=\"async\" width=\"1024\" height=\"682\" src=\"https:\/\/cab-vietnam.org\/wp-content\/uploads\/2025\/09\/IMG_1009-1024x682.jpg\" class=\"attachment-large size-large wp-post-image\" alt=\"\" srcset=\"https:\/\/cab-vietnam.org\/wp-content\/uploads\/2025\/09\/IMG_1009-1024x682.jpg 1024w, https:\/\/cab-vietnam.org\/wp-content\/uploads\/2025\/09\/IMG_1009-300x200.jpg 300w, https:\/\/cab-vietnam.org\/wp-content\/uploads\/2025\/09\/IMG_1009-600x400.jpg 600w, https:\/\/cab-vietnam.org\/wp-content\/uploads\/2025\/09\/IMG_1009.jpg 1379w\" sizes=\"(max-width: 1024px) 100vw, 1024px\" \/><\/div><div class=\"w-vwrapper usg_vwrapper_1 align_left valign_top bg_gradient \"><h2 class=\"w-grid-item-elm usg_post_title_1 color_link_inherit with_text_color post_title entry-title\">Thanh ni\u00ean v\u00e0 Ph\u00e1t tri\u1ec3n b\u1ec1n v\u1eefng<\/h2><time class=\"w-grid-item-elm usg_post_date_1 with_text_color post_date entry-date published\" datetime=\"2025-06-23 09:00:41\">Th\u00e1ng S\u00e1u 23, 2025<\/time><\/div>\t<\/div>\r\n<\/article>\r\n<article class=\"w-grid-item ratio_1x1 size_1x1 post-13214 us_portfolio type-us_portfolio status-publish has-post-thumbnail hentry us_portfolio_category-ban-tin-vi us_portfolio_category-tu-van-vi\" data-id=\"13214\">\r\n\t<div class=\"w-grid-item-h\">\r\n\t\t\t\t\t<a class=\"w-grid-item-anchor\" href=\"https:\/\/cab-vietnam.org\/?us_portfolio=hanh-trinh-giam-nhua-cac-ban-nho-bat-dau-tu-nhung-buoc-nho\" rel=\"bookmark\" aria-label=\"H\u00e0nh tr\u00ecnh &#8220;Gi\u1ea3m nh\u1ef1a&#8221; &#8211; C\u00e1c b\u1ea1n nh\u1ecf b\u1eaft \u0111\u1ea7u t\u1eeb nh\u1eefng b\u01b0\u1edbc nh\u1ecf\"><\/a>\r\n\t\t\t\t<div class=\"w-grid-item-elm usg_post_image_1 post_image\"><img loading=\"lazy\" decoding=\"async\" width=\"1024\" height=\"683\" src=\"https:\/\/cab-vietnam.org\/wp-content\/uploads\/2025\/05\/501485524_1024763356467177_7508851144770671433_n-1024x683.jpg\" class=\"attachment-large size-large wp-post-image\" alt=\"\" srcset=\"https:\/\/cab-vietnam.org\/wp-content\/uploads\/2025\/05\/501485524_1024763356467177_7508851144770671433_n-1024x683.jpg 1024w, https:\/\/cab-vietnam.org\/wp-content\/uploads\/2025\/05\/501485524_1024763356467177_7508851144770671433_n-300x200.jpg 300w, https:\/\/cab-vietnam.org\/wp-content\/uploads\/2025\/05\/501485524_1024763356467177_7508851144770671433_n-1536x1024.jpg 1536w, https:\/\/cab-vietnam.org\/wp-content\/uploads\/2025\/05\/501485524_1024763356467177_7508851144770671433_n-600x400.jpg 600w, https:\/\/cab-vietnam.org\/wp-content\/uploads\/2025\/05\/501485524_1024763356467177_7508851144770671433_n.jpg 2048w\" sizes=\"(max-width: 1024px) 100vw, 1024px\" \/><\/div><div class=\"w-vwrapper usg_vwrapper_1 align_left valign_top bg_gradient \"><h2 class=\"w-grid-item-elm usg_post_title_1 color_link_inherit with_text_color post_title entry-title\">H\u00e0nh tr\u00ecnh &#8220;Gi\u1ea3m nh\u1ef1a&#8221; &#8211; C\u00e1c b\u1ea1n nh\u1ecf b\u1eaft \u0111\u1ea7u t\u1eeb nh\u1eefng b\u01b0\u1edbc nh\u1ecf<\/h2><time class=\"w-grid-item-elm usg_post_date_1 with_text_color post_date entry-date published\" datetime=\"2025-05-28 11:00:49\">Th\u00e1ng N\u0103m 28, 2025<\/time><\/div>\t<\/div>\r\n<\/article>\r\n<article class=\"w-grid-item ratio_1x1 size_1x1 post-13202 us_portfolio type-us_portfolio status-publish has-post-thumbnail hentry us_portfolio_category-ban-tin-vi us_portfolio_category-du-an-vi\" data-id=\"13202\">\r\n\t<div class=\"w-grid-item-h\">\r\n\t\t\t\t\t<a class=\"w-grid-item-anchor\" href=\"https:\/\/cab-vietnam.org\/?us_portfolio=hanh-trinh-truong-hoc-giam-nhua-voi-su-dong-hanh-cua-ban-be-quoc-te\" rel=\"bookmark\" aria-label=\"H\u00e0nh tr\u00ecnh tr\u01b0\u1eddng h\u1ecdc gi\u1ea3m nh\u1ef1a v\u1edbi s\u1ef1 \u0111\u1ed3ng h\u00e0nh c\u1ee7a b\u1ea1n b\u00e8 qu\u1ed1c t\u1ebf\"><\/a>\r\n\t\t\t\t<div class=\"w-grid-item-elm usg_post_image_1 post_image\"><img loading=\"lazy\" decoding=\"async\" width=\"1024\" height=\"535\" src=\"https:\/\/cab-vietnam.org\/wp-content\/uploads\/2025\/09\/495619320_1011008951175951_1912918366758774792_n-1024x535.jpg\" class=\"attachment-large size-large wp-post-image\" alt=\"\" srcset=\"https:\/\/cab-vietnam.org\/wp-content\/uploads\/2025\/09\/495619320_1011008951175951_1912918366758774792_n-1024x535.jpg 1024w, https:\/\/cab-vietnam.org\/wp-content\/uploads\/2025\/09\/495619320_1011008951175951_1912918366758774792_n-300x157.jpg 300w, https:\/\/cab-vietnam.org\/wp-content\/uploads\/2025\/09\/495619320_1011008951175951_1912918366758774792_n-1536x803.jpg 1536w, https:\/\/cab-vietnam.org\/wp-content\/uploads\/2025\/09\/495619320_1011008951175951_1912918366758774792_n-600x313.jpg 600w, https:\/\/cab-vietnam.org\/wp-content\/uploads\/2025\/09\/495619320_1011008951175951_1912918366758774792_n.jpg 2048w\" sizes=\"(max-width: 1024px) 100vw, 1024px\" \/><\/div><div class=\"w-vwrapper usg_vwrapper_1 align_left valign_top bg_gradient \"><h2 class=\"w-grid-item-elm usg_post_title_1 color_link_inherit with_text_color post_title entry-title\">H\u00e0nh tr\u00ecnh tr\u01b0\u1eddng h\u1ecdc gi\u1ea3m nh\u1ef1a v\u1edbi s\u1ef1 \u0111\u1ed3ng h\u00e0nh c\u1ee7a b\u1ea1n b\u00e8 qu\u1ed1c t\u1ebf<\/h2><time class=\"w-grid-item-elm usg_post_date_1 with_text_color post_date entry-date published\" datetime=\"2025-05-08 09:00:42\">Th\u00e1ng N\u0103m 8, 2025<\/time><\/div>\t<\/div>\r\n<\/article>\r\n<article class=\"w-grid-item ratio_1x1 size_1x1 post-13188 us_portfolio type-us_portfolio status-publish has-post-thumbnail hentry us_portfolio_category-ban-tin-vi us_portfolio_category-du-an-vi\" data-id=\"13188\">\r\n\t<div class=\"w-grid-item-h\">\r\n\t\t\t\t\t<a class=\"w-grid-item-anchor\" href=\"https:\/\/cab-vietnam.org\/?us_portfolio=da-nang-noi-hoi-tu-nhung-nha-lanh-dao-do-thi-ben-vung-tuong-lai\" rel=\"bookmark\" aria-label=\"\u0110\u00e0 N\u1eb5ng &#8211; N\u01a1i h\u1ed9i t\u1ee5 nh\u1eefng nh\u00e0 l\u00e3nh \u0111\u1ea1o \u0111\u00f4 th\u1ecb b\u1ec1n v\u1eefng t\u01b0\u01a1ng lai!\"><\/a>\r\n\t\t\t\t<div class=\"w-grid-item-elm usg_post_image_1 post_image\"><img loading=\"lazy\" decoding=\"async\" width=\"1024\" height=\"683\" src=\"https:\/\/cab-vietnam.org\/wp-content\/uploads\/2025\/09\/495453830_1008946738048839_8233787291826471635_n-1024x683.jpg\" class=\"attachment-large size-large wp-post-image\" alt=\"\" srcset=\"https:\/\/cab-vietnam.org\/wp-content\/uploads\/2025\/09\/495453830_1008946738048839_8233787291826471635_n-1024x683.jpg 1024w, https:\/\/cab-vietnam.org\/wp-content\/uploads\/2025\/09\/495453830_1008946738048839_8233787291826471635_n-300x200.jpg 300w, https:\/\/cab-vietnam.org\/wp-content\/uploads\/2025\/09\/495453830_1008946738048839_8233787291826471635_n-1536x1025.jpg 1536w, https:\/\/cab-vietnam.org\/wp-content\/uploads\/2025\/09\/495453830_1008946738048839_8233787291826471635_n-600x400.jpg 600w, https:\/\/cab-vietnam.org\/wp-content\/uploads\/2025\/09\/495453830_1008946738048839_8233787291826471635_n.jpg 2048w\" sizes=\"(max-width: 1024px) 100vw, 1024px\" \/><\/div><div class=\"w-vwrapper usg_vwrapper_1 align_left valign_top bg_gradient \"><h2 class=\"w-grid-item-elm usg_post_title_1 color_link_inherit with_text_color post_title entry-title\">\u0110\u00e0 N\u1eb5ng &#8211; N\u01a1i h\u1ed9i t\u1ee5 nh\u1eefng nh\u00e0 l\u00e3nh \u0111\u1ea1o \u0111\u00f4 th\u1ecb b\u1ec1n v\u1eefng t\u01b0\u01a1ng lai!<\/h2><time class=\"w-grid-item-elm usg_post_date_1 with_text_color post_date entry-date published\" datetime=\"2025-05-05 09:00:46\">Th\u00e1ng N\u0103m 5, 2025<\/time><\/div>\t<\/div>\r\n<\/article>\r\n<article class=\"w-grid-item ratio_1x1 size_1x1 post-13175 us_portfolio type-us_portfolio status-publish has-post-thumbnail hentry us_portfolio_category-ban-tin-vi us_portfolio_category-du-an-vi\" data-id=\"13175\">\r\n\t<div class=\"w-grid-item-h\">\r\n\t\t\t\t\t<a class=\"w-grid-item-anchor\" href=\"https:\/\/cab-vietnam.org\/?us_portfolio=13175\" rel=\"bookmark\" aria-label=\"H\u1ed9i th\u1ea3o \u201cGi\u1ea3m r\u00e1c \u2013 T\u0103ng m\u1ea3ng xanh c\u00f3 l\u1ed3ng gh\u00e9p y\u1ebfu t\u1ed1 gi\u1edbi t\u1ea1i c\u1ed9ng \u0111\u1ed3ng\u201d\"><\/a>\r\n\t\t\t\t<div class=\"w-grid-item-elm usg_post_image_1 post_image\"><img loading=\"lazy\" decoding=\"async\" width=\"1024\" height=\"768\" src=\"https:\/\/cab-vietnam.org\/wp-content\/uploads\/2025\/09\/z6545008351647_a1dd0e76c9c001b007433d4148e71a66-1024x768.jpg\" class=\"attachment-large size-large wp-post-image\" alt=\"\" srcset=\"https:\/\/cab-vietnam.org\/wp-content\/uploads\/2025\/09\/z6545008351647_a1dd0e76c9c001b007433d4148e71a66-1024x768.jpg 1024w, https:\/\/cab-vietnam.org\/wp-content\/uploads\/2025\/09\/z6545008351647_a1dd0e76c9c001b007433d4148e71a66-300x225.jpg 300w, https:\/\/cab-vietnam.org\/wp-content\/uploads\/2025\/09\/z6545008351647_a1dd0e76c9c001b007433d4148e71a66-600x450.jpg 600w, https:\/\/cab-vietnam.org\/wp-content\/uploads\/2025\/09\/z6545008351647_a1dd0e76c9c001b007433d4148e71a66.jpg 1225w\" sizes=\"(max-width: 1024px) 100vw, 1024px\" \/><\/div><div class=\"w-vwrapper usg_vwrapper_1 align_left valign_top bg_gradient \"><h2 class=\"w-grid-item-elm usg_post_title_1 color_link_inherit with_text_color post_title entry-title\">H\u1ed9i th\u1ea3o \u201cGi\u1ea3m r\u00e1c \u2013 T\u0103ng m\u1ea3ng xanh c\u00f3 l\u1ed3ng gh\u00e9p y\u1ebfu t\u1ed1 gi\u1edbi t\u1ea1i c\u1ed9ng \u0111\u1ed3ng\u201d<\/h2><time class=\"w-grid-item-elm usg_post_date_1 with_text_color post_date entry-date published\" datetime=\"2025-04-27 09:00:49\">Th\u00e1ng T\u01b0 27, 2025<\/time><\/div>\t<\/div>\r\n<\/article>\r\n<article class=\"w-grid-item ratio_1x1 size_1x1 post-13162 us_portfolio type-us_portfolio status-publish has-post-thumbnail hentry us_portfolio_category-ban-tin-vi us_portfolio_category-du-an-vi\" data-id=\"13162\">\r\n\t<div class=\"w-grid-item-h\">\r\n\t\t\t\t\t<a class=\"w-grid-item-anchor\" href=\"https:\/\/cab-vietnam.org\/?us_portfolio=tap-huan-nang-luong-va-bien-doi-khi-hau-lan-toa-hieu-biet-thuc-day-hanh-dong\" rel=\"bookmark\" aria-label=\"T\u1eadp hu\u1ea5n N\u0103ng l\u01b0\u1ee3ng v\u00e0 Bi\u1ebfn \u0111\u1ed5i kh\u00ed h\u1eadu &#8211; Lan t\u1ecfa hi\u1ec3u bi\u1ebft, th\u00fac \u0111\u1ea9y h\u00e0nh \u0111\u1ed9ng!\"><\/a>\r\n\t\t\t\t<div class=\"w-grid-item-elm usg_post_image_1 post_image\"><img loading=\"lazy\" decoding=\"async\" width=\"1024\" height=\"768\" src=\"https:\/\/cab-vietnam.org\/wp-content\/uploads\/2025\/09\/492158654_999801115630068_3345847074144967302_n-1024x768.jpg\" class=\"attachment-large size-large wp-post-image\" alt=\"\" srcset=\"https:\/\/cab-vietnam.org\/wp-content\/uploads\/2025\/09\/492158654_999801115630068_3345847074144967302_n-1024x768.jpg 1024w, https:\/\/cab-vietnam.org\/wp-content\/uploads\/2025\/09\/492158654_999801115630068_3345847074144967302_n-300x225.jpg 300w, https:\/\/cab-vietnam.org\/wp-content\/uploads\/2025\/09\/492158654_999801115630068_3345847074144967302_n-600x450.jpg 600w, https:\/\/cab-vietnam.org\/wp-content\/uploads\/2025\/09\/492158654_999801115630068_3345847074144967302_n.jpg 1154w\" sizes=\"(max-width: 1024px) 100vw, 1024px\" \/><\/div><div class=\"w-vwrapper usg_vwrapper_1 align_left valign_top bg_gradient \"><h2 class=\"w-grid-item-elm usg_post_title_1 color_link_inherit with_text_color post_title entry-title\">T\u1eadp hu\u1ea5n N\u0103ng l\u01b0\u1ee3ng v\u00e0 Bi\u1ebfn \u0111\u1ed5i kh\u00ed h\u1eadu &#8211; Lan t\u1ecfa hi\u1ec3u bi\u1ebft, th\u00fac \u0111\u1ea9y h\u00e0nh \u0111\u1ed9ng!<\/h2><time class=\"w-grid-item-elm usg_post_date_1 with_text_color post_date entry-date published\" datetime=\"2025-04-19 09:00:56\">Th\u00e1ng T\u01b0 19, 2025<\/time><\/div>\t<\/div>\r\n<\/article>\r\n<\/div>\t<div class=\"w-grid-json hidden\" onclick='return {&quot;ajax_url&quot;:&quot;https:\\\/\\\/cab-vietnam.org\\\/wp-admin\\\/admin-ajax.php&quot;,&quot;permalink_url&quot;:&quot;https:\\\/\\\/cab-vietnam.org\\\/?us_portfolio=tap-huan-nang-luong-va-bien-doi-khi-hau-lan-toa-hieu-biet-thuc-day-hanh-dong&quot;,&quot;action&quot;:&quot;us_ajax_grid&quot;,&quot;max_num_pages&quot;:5,&quot;infinite_scroll&quot;:0,&quot;template_vars&quot;:{&quot;query_args&quot;:{&quot;post_type&quot;:[&quot;us_portfolio&quot;],&quot;tax_query&quot;:[{&quot;taxonomy&quot;:&quot;us_portfolio_category&quot;,&quot;field&quot;:&quot;slug&quot;,&quot;terms&quot;:[&quot;du-an-vi&quot;,&quot;hoat-dong-vi&quot;,&quot;tu-van-vi&quot;]}],&quot;orderby&quot;:{&quot;date&quot;:&quot;DESC&quot;},&quot;posts_per_page&quot;:&quot;9&quot;,&quot;post_status&quot;:[&quot;publish&quot;,&quot;tribe-ea-success&quot;,&quot;tribe-ea-failed&quot;,&quot;tribe-ea-schedule&quot;,&quot;tribe-ea-pending&quot;,&quot;tribe-ea-draft&quot;]},&quot;post_id&quot;:7146,&quot;us_grid_index&quot;:1,&quot;exclude_items&quot;:&quot;none&quot;,&quot;items_offset&quot;:&quot;1&quot;,&quot;items_layout&quot;:&quot;portfolio_2&quot;,&quot;type&quot;:&quot;grid&quot;,&quot;columns&quot;:&quot;3&quot;,&quot;img_size&quot;:&quot;default&quot;},&quot;carousel_settings&quot;:{&quot;items&quot;:&quot;3&quot;,&quot;nav&quot;:0,&quot;dots&quot;:0,&quot;center&quot;:0,&quot;autoplay&quot;:0,&quot;timeout&quot;:3000,&quot;autoheight&quot;:0,&quot;slideby&quot;:&quot;1&quot;},&quot;carousel_breakpoints&quot;:{&quot;1200&quot;:{&quot;items&quot;:&quot;3&quot;},&quot;900&quot;:{&quot;items&quot;:3,&quot;autoplay&quot;:1,&quot;autoplayHoverPausev&quot;:1},&quot;600&quot;:{&quot;items&quot;:2,&quot;autoplay&quot;:1,&quot;autoplayHoverPausev&quot;:1},&quot;0&quot;:{&quot;items&quot;:1,&quot;autoHeight&quot;:true,&quot;autoplay&quot;:1,&quot;autoplayHoverPause&quot;:1}}}'><\/div>\r\n<\/div><\/div><\/div><\/div><\/div><\/div><\/section>\n","protected":false},"excerpt":{"rendered":"T\u1eeb ng\u00e0y 19\u201322\/4\/2025, CAB Vietnam ph\u1ed1i h\u1ee3p c\u00f9ng Li\u00ean hi\u1ec7p c\u00e1c H\u1ed9i Khoa h\u1ecdc v\u00e0 K\u1ef9 thu\u1eadt \u0110\u00e0 N\u1eb5ng v\u00e0 Friedrich-Ebert-Stiftung (FES) Vi\u1ec7t Nam \u0111\u00e3 t\u1ed5 ch\u1ee9c 4 l\u1edbp t\u1eadp hu\u1ea5n v\u1ec1 N\u0103ng l\u01b0\u1ee3ng v\u00e0 Bi\u1ebfn \u0111\u1ed5i kh\u00ed h\u1eadu v\u1edbi s\u1ef1 tham gia c\u1ee7a 55 ng\u01b0\u1eddi d\u00e2n v\u00e0 27 c\u00e1n b\u1ed9 c\u1ea5p x\u00e3 \u0111\u1ebfn t\u1eeb...","protected":false},"author":1,"featured_media":0,"parent":0,"menu_order":0,"comment_status":"closed","ping_status":"closed","template":"","meta":{"footnotes":""},"_links":{"self":[{"href":"https:\/\/cab-vietnam.org\/index.php?rest_route=\/wp\/v2\/pages\/7146"}],"collection":[{"href":"https:\/\/cab-vietnam.org\/index.php?rest_route=\/wp\/v2\/pages"}],"about":[{"href":"https:\/\/cab-vietnam.org\/index.php?rest_route=\/wp\/v2\/types\/page"}],"author":[{"embeddable":true,"href":"https:\/\/cab-vietnam.org\/index.php?rest_route=\/wp\/v2\/users\/1"}],"replies":[{"embeddable":true,"href":"https:\/\/cab-vietnam.org\/index.php?rest_route=%2Fwp%2Fv2%2Fcomments&post=7146"}],"version-history":[{"count":5,"href":"https:\/\/cab-vietnam.org\/index.php?rest_route=\/wp\/v2\/pages\/7146\/revisions"}],"predecessor-version":[{"id":7559,"href":"https:\/\/cab-vietnam.org\/index.php?rest_route=\/wp\/v2\/pages\/7146\/revisions\/7559"}],"wp:attachment":[{"href":"https:\/\/cab-vietnam.org\/index.php?rest_route=%2Fwp%2Fv2%2Fmedia&parent=7146"}],"curies":[{"name":"wp","href":"https:\/\/api.w.org\/{rel}","templated":true}]}}