{"id":8,"date":"2013-05-31T08:44:43","date_gmt":"2013-05-31T08:44:43","guid":{"rendered":"http:\/\/impreza.us-themes.net\/"},"modified":"2025-03-16T03:30:18","modified_gmt":"2025-03-16T03:30:18","slug":"home","status":"publish","type":"page","link":"https:\/\/cab-vietnam.org\/","title":{"rendered":"Trang ch\u1ee7"},"content":{"rendered":"<section class=\"l-section wpb_row height_medium\"><div class=\"l-section-h i-cf\"><div class=\"g-cols vc_row type_default valign_top\"><div class=\"vc_col-sm-3 wpb_column vc_column_container\"><div class=\"vc_column-inner\"><div class=\"wpb_wrapper\"><div class=\"w-iconbox iconpos_top style_default color_primary align_center no_title no_text\"><div class=\"w-iconbox-icon\"><i class=\"material-icons\">accessibility<\/i><\/div><div class=\"w-iconbox-meta\"><\/div><\/div>\r\n\t<div class=\"wpb_text_column \">\r\n\t\t<div class=\"wpb_wrapper\">\r\n\t\t\t<h5 style=\"text-align: center;\">Tham gia<\/h5>\n\r\n\t\t<\/div>\r\n\t<\/div>\r\n<\/div><\/div><\/div><div class=\"vc_col-sm-3 wpb_column vc_column_container\"><div class=\"vc_column-inner\"><div class=\"wpb_wrapper\"><div class=\"w-iconbox iconpos_top style_default color_primary align_center no_title no_text\"><div class=\"w-iconbox-icon\"><i class=\"fas fa-fist-raised\"><\/i><\/div><div class=\"w-iconbox-meta\"><\/div><\/div>\r\n\t<div class=\"wpb_text_column \">\r\n\t\t<div class=\"wpb_wrapper\">\r\n\t\t\t<h5 style=\"text-align: center;\">N\u0103ng l\u1ef1c<\/h5>\n\r\n\t\t<\/div>\r\n\t<\/div>\r\n<\/div><\/div><\/div><div class=\"vc_col-sm-3 wpb_column vc_column_container\"><div class=\"vc_column-inner\"><div class=\"wpb_wrapper\"><div class=\"w-iconbox iconpos_top style_default color_primary align_center no_title no_text\"><div class=\"w-iconbox-icon\"><i class=\"fas fa-hands-helping\"><\/i><\/div><div class=\"w-iconbox-meta\"><\/div><\/div>\r\n\t<div class=\"wpb_text_column \">\r\n\t\t<div class=\"wpb_wrapper\">\r\n\t\t\t<h5 style=\"text-align: center;\">Cam k\u1ebft<\/h5>\n\r\n\t\t<\/div>\r\n\t<\/div>\r\n<\/div><\/div><\/div><div class=\"vc_col-sm-3 wpb_column vc_column_container\"><div class=\"vc_column-inner\"><div class=\"wpb_wrapper\"><div class=\"w-iconbox iconpos_top style_default color_primary align_center no_title no_text\"><div class=\"w-iconbox-icon\"><i class=\"fas fa-heart\"><\/i><\/div><div class=\"w-iconbox-meta\"><\/div><\/div>\r\n\t<div class=\"wpb_text_column \">\r\n\t\t<div class=\"wpb_wrapper\">\r\n\t\t\t<h5 style=\"text-align: center;\">Tr\u00e1ch nhi\u1ec7m<\/h5>\n\r\n\t\t<\/div>\r\n\t<\/div>\r\n<\/div><\/div><\/div><\/div><\/div><\/section><section class=\"l-section wpb_row height_medium\" id=\"first\"><div class=\"l-section-h i-cf\"><div class=\"g-cols vc_row type_default valign_top\"><div class=\"vc_col-sm-12 wpb_column vc_column_container\"><div class=\"vc_column-inner\"><div class=\"wpb_wrapper\">\r\n\t<div class=\"wpb_text_column \">\r\n\t\t<div class=\"wpb_wrapper\">\r\n\t\t\t<h2 style=\"text-align: center;\">Ba\u0309n tin<\/h2>\n\r\n\t\t<\/div>\r\n\t<\/div>\r\n<div class=\"w-separator type_invisible size_large\"><\/div><div class=\"w-grid type_grid layout_portfolio_2 cols_3 height_fixed\" id=\"us_grid_1\"><style id=\"us_grid_1_css\">#us_grid_1 .w-grid-item{padding:4px}#us_grid_1 .w-grid-list{margin:-4px}.w-grid + #us_grid_1 .w-grid-list{margin-top:4px}.l-section.width_full .vc_row>.vc_col-sm-12>div>div>#us_grid_1 .w-grid-list{margin-left:4px; margin-right:4px}.l-section.height_auto .vc_row>.vc_col-sm-12>div>div>#us_grid_1:first-child .w-grid-list{margin-top:4px}.l-section.height_auto .vc_row>.vc_col-sm-12>div>div>#us_grid_1:last-child .w-grid-list{margin-bottom:4px}@media (max-width:899px){#us_grid_1 .w-grid-item{width:50%}#us_grid_1 .w-grid-item.size_2x1,#us_grid_1 .w-grid-item.size_2x2{width:100%}}@media (max-width:599px){#us_grid_1 .w-grid-list{margin:0 }#us_grid_1 .w-grid-item{width:100%;padding:0; margin-bottom:4px}}<\/style><style>#us_grid_1 .w-grid-item-h:before{padding-bottom:100.0000%}@media (min-width:600px){#us_grid_1 .w-grid-item.size_1x2 .w-grid-item-h:before{padding-bottom:calc(200% + 4px + 4px)}#us_grid_1 .w-grid-item.size_2x1 .w-grid-item-h:before{padding-bottom:calc(50% - 4px * 1)}#us_grid_1 .w-grid-item.size_2x2 .w-grid-item-h:before{padding-bottom:calc(100% - 4px * 0)}}#us_grid_1 .w-grid-item-h{background-color:#333333}#us_grid_1 .usg_post_image_1{}#us_grid_1 .usg_post_image_1{transition-duration:0.35s;transform:scale(1) translate(0%,0%)}#us_grid_1 .w-grid-item-h:hover .usg_post_image_1{transform:scale(1.1) translate(0%,0%);opacity:0.1}#us_grid_1 .usg_vwrapper_1{background:linear-gradient( transparent, rgba(30,30,30,0.8))}#us_grid_1 .usg_post_title_1{font-size:1.2rem;color:#ffffff}#us_grid_1 .usg_post_date_1{font-size:0.9rem;color:#ffffff}#us_grid_1 .usg_post_image_1{position:absolute;top:0;right:0;bottom:0;left:0}#us_grid_1 .usg_vwrapper_1{position:absolute;right:0;bottom:0;left:0;padding-top:4rem;padding-right:2rem;padding-bottom:1.5rem;padding-left:2rem}<\/style><div class=\"w-grid-list\"><article class=\"w-grid-item ratio_1x1 size_1x1 post-13264 us_portfolio type-us_portfolio status-publish has-post-thumbnail hentry us_portfolio_category-ban-tin-vi us_portfolio_category-du-an-vi\" data-id=\"13264\">\r\n\t<div class=\"w-grid-item-h\">\r\n\t\t\t\t\t<a class=\"w-grid-item-anchor\" href=\"https:\/\/cab-vietnam.org\/?us_portfolio=dien-dan-thanh-nien-phat-trien-ben-vung-2025\" rel=\"bookmark\" aria-label=\"Di\u1ec5n \u0111\u00e0n thanh ni\u00ean Ph\u00e1t tri\u1ec3n b\u1ec1n v\u1eefng 2025\"><\/a>\r\n\t\t\t\t<div class=\"w-grid-item-elm usg_post_image_1 post_image\"><img loading=\"lazy\" decoding=\"async\" width=\"600\" height=\"338\" src=\"https:\/\/cab-vietnam.org\/wp-content\/uploads\/2025\/09\/536873910_1087985500144962_2602019706454602824_n-600x338.jpg\" class=\"attachment-us_600_0 size-us_600_0 wp-post-image\" alt=\"\" srcset=\"https:\/\/cab-vietnam.org\/wp-content\/uploads\/2025\/09\/536873910_1087985500144962_2602019706454602824_n-600x338.jpg 600w, https:\/\/cab-vietnam.org\/wp-content\/uploads\/2025\/09\/536873910_1087985500144962_2602019706454602824_n-300x169.jpg 300w, https:\/\/cab-vietnam.org\/wp-content\/uploads\/2025\/09\/536873910_1087985500144962_2602019706454602824_n-1024x576.jpg 1024w, https:\/\/cab-vietnam.org\/wp-content\/uploads\/2025\/09\/536873910_1087985500144962_2602019706454602824_n-1536x864.jpg 1536w, https:\/\/cab-vietnam.org\/wp-content\/uploads\/2025\/09\/536873910_1087985500144962_2602019706454602824_n.jpg 2048w\" sizes=\"(max-width: 600px) 100vw, 600px\" \/><\/div><div class=\"w-vwrapper usg_vwrapper_1 align_left valign_top bg_gradient \"><h2 class=\"w-grid-item-elm usg_post_title_1 color_link_inherit with_text_color post_title entry-title\">Di\u1ec5n \u0111\u00e0n thanh ni\u00ean Ph\u00e1t tri\u1ec3n b\u1ec1n v\u1eefng 2025<\/h2><time class=\"w-grid-item-elm usg_post_date_1 with_text_color post_date entry-date published\" datetime=\"2025-08-20 09:00:53\">Th\u00e1ng T\u00e1m 20, 2025<\/time><\/div>\t<\/div>\r\n<\/article>\r\n<article class=\"w-grid-item ratio_1x1 size_1x1 post-13250 us_portfolio type-us_portfolio status-publish has-post-thumbnail hentry us_portfolio_category-ban-tin-vi us_portfolio_category-du-an-vi\" data-id=\"13250\">\r\n\t<div class=\"w-grid-item-h\">\r\n\t\t\t\t\t<a class=\"w-grid-item-anchor\" href=\"https:\/\/cab-vietnam.org\/?us_portfolio=giam-nhua-trong-truong-hoc-san-sang-nhan-rong\" rel=\"bookmark\" aria-label=\"Gi\u1ea3m nh\u1ef1a trong tr\u01b0\u1eddng h\u1ecdc \u2013 S\u1eb5n s\u00e0ng nh\u00e2n r\u1ed9ng\"><\/a>\r\n\t\t\t\t<div class=\"w-grid-item-elm usg_post_image_1 post_image\"><img loading=\"lazy\" decoding=\"async\" width=\"600\" height=\"450\" src=\"https:\/\/cab-vietnam.org\/wp-content\/uploads\/2025\/09\/526606119_1073861741557338_3030029130299619008_n-600x450.jpg\" class=\"attachment-us_600_0 size-us_600_0 wp-post-image\" alt=\"\" srcset=\"https:\/\/cab-vietnam.org\/wp-content\/uploads\/2025\/09\/526606119_1073861741557338_3030029130299619008_n-600x450.jpg 600w, https:\/\/cab-vietnam.org\/wp-content\/uploads\/2025\/09\/526606119_1073861741557338_3030029130299619008_n-300x225.jpg 300w, https:\/\/cab-vietnam.org\/wp-content\/uploads\/2025\/09\/526606119_1073861741557338_3030029130299619008_n-1024x768.jpg 1024w, https:\/\/cab-vietnam.org\/wp-content\/uploads\/2025\/09\/526606119_1073861741557338_3030029130299619008_n.jpg 1154w\" sizes=\"(max-width: 600px) 100vw, 600px\" \/><\/div><div class=\"w-vwrapper usg_vwrapper_1 align_left valign_top bg_gradient \"><h2 class=\"w-grid-item-elm usg_post_title_1 color_link_inherit with_text_color post_title entry-title\">Gi\u1ea3m nh\u1ef1a trong tr\u01b0\u1eddng h\u1ecdc \u2013 S\u1eb5n s\u00e0ng nh\u00e2n r\u1ed9ng<\/h2><time class=\"w-grid-item-elm usg_post_date_1 with_text_color post_date entry-date published\" datetime=\"2025-08-02 09:00:10\">Th\u00e1ng T\u00e1m 2, 2025<\/time><\/div>\t<\/div>\r\n<\/article>\r\n<article class=\"w-grid-item ratio_1x1 size_1x1 post-13233 us_portfolio type-us_portfolio status-publish has-post-thumbnail hentry us_portfolio_category-ban-tin-vi us_portfolio_category-du-an-vi\" data-id=\"13233\">\r\n\t<div class=\"w-grid-item-h\">\r\n\t\t\t\t\t<a class=\"w-grid-item-anchor\" href=\"https:\/\/cab-vietnam.org\/?us_portfolio=bao-cao-nghien-cuu-moi-ban-do-nguoi-thu-gom-rac-tai-viet-nam\" rel=\"bookmark\" aria-label=\"B\u00e1o c\u00e1o nghi\u00ean c\u1ee9u m\u1edbi: B\u1ea3n \u0111\u1ed3 ng\u01b0\u1eddi thu gom r\u00e1c t\u1ea1i Vi\u1ec7t Nam\"><\/a>\r\n\t\t\t\t<div class=\"w-grid-item-elm usg_post_image_1 post_image\"><img loading=\"lazy\" decoding=\"async\" width=\"600\" height=\"450\" src=\"https:\/\/cab-vietnam.org\/wp-content\/uploads\/2025\/09\/524880792_1070952921848220_7051110758715205041_n-600x450.jpg\" class=\"attachment-us_600_0 size-us_600_0 wp-post-image\" alt=\"\" srcset=\"https:\/\/cab-vietnam.org\/wp-content\/uploads\/2025\/09\/524880792_1070952921848220_7051110758715205041_n-600x450.jpg 600w, https:\/\/cab-vietnam.org\/wp-content\/uploads\/2025\/09\/524880792_1070952921848220_7051110758715205041_n-300x225.jpg 300w, https:\/\/cab-vietnam.org\/wp-content\/uploads\/2025\/09\/524880792_1070952921848220_7051110758715205041_n.jpg 844w\" sizes=\"(max-width: 600px) 100vw, 600px\" \/><\/div><div class=\"w-vwrapper usg_vwrapper_1 align_left valign_top bg_gradient \"><h2 class=\"w-grid-item-elm usg_post_title_1 color_link_inherit with_text_color post_title entry-title\">B\u00e1o c\u00e1o nghi\u00ean c\u1ee9u m\u1edbi: B\u1ea3n \u0111\u1ed3 ng\u01b0\u1eddi thu gom r\u00e1c t\u1ea1i Vi\u1ec7t Nam<\/h2><time class=\"w-grid-item-elm usg_post_date_1 with_text_color post_date entry-date published\" datetime=\"2025-07-29 09:00:19\">Th\u00e1ng B\u1ea3y 29, 2025<\/time><\/div>\t<\/div>\r\n<\/article>\r\n<article class=\"w-grid-item ratio_1x1 size_1x1 post-13227 us_portfolio type-us_portfolio status-publish has-post-thumbnail hentry us_portfolio_category-ban-tin-vi us_portfolio_category-du-an-vi\" data-id=\"13227\">\r\n\t<div class=\"w-grid-item-h\">\r\n\t\t\t\t\t<a class=\"w-grid-item-anchor\" href=\"https:\/\/cab-vietnam.org\/?us_portfolio=thanh-nien-va-phat-trien-ben-vung\" rel=\"bookmark\" aria-label=\"Thanh ni\u00ean v\u00e0 Ph\u00e1t tri\u1ec3n b\u1ec1n v\u1eefng\"><\/a>\r\n\t\t\t\t<div class=\"w-grid-item-elm usg_post_image_1 post_image\"><img loading=\"lazy\" decoding=\"async\" width=\"600\" height=\"400\" src=\"https:\/\/cab-vietnam.org\/wp-content\/uploads\/2025\/09\/IMG_1009-600x400.jpg\" class=\"attachment-us_600_0 size-us_600_0 wp-post-image\" alt=\"\" srcset=\"https:\/\/cab-vietnam.org\/wp-content\/uploads\/2025\/09\/IMG_1009-600x400.jpg 600w, https:\/\/cab-vietnam.org\/wp-content\/uploads\/2025\/09\/IMG_1009-300x200.jpg 300w, https:\/\/cab-vietnam.org\/wp-content\/uploads\/2025\/09\/IMG_1009-1024x682.jpg 1024w, https:\/\/cab-vietnam.org\/wp-content\/uploads\/2025\/09\/IMG_1009.jpg 1379w\" sizes=\"(max-width: 600px) 100vw, 600px\" \/><\/div><div class=\"w-vwrapper usg_vwrapper_1 align_left valign_top bg_gradient \"><h2 class=\"w-grid-item-elm usg_post_title_1 color_link_inherit with_text_color post_title entry-title\">Thanh ni\u00ean v\u00e0 Ph\u00e1t tri\u1ec3n b\u1ec1n v\u1eefng<\/h2><time class=\"w-grid-item-elm usg_post_date_1 with_text_color post_date entry-date published\" datetime=\"2025-06-23 09:00:41\">Th\u00e1ng S\u00e1u 23, 2025<\/time><\/div>\t<\/div>\r\n<\/article>\r\n<article class=\"w-grid-item ratio_1x1 size_1x1 post-13214 us_portfolio type-us_portfolio status-publish has-post-thumbnail hentry us_portfolio_category-ban-tin-vi us_portfolio_category-tu-van-vi\" data-id=\"13214\">\r\n\t<div class=\"w-grid-item-h\">\r\n\t\t\t\t\t<a class=\"w-grid-item-anchor\" href=\"https:\/\/cab-vietnam.org\/?us_portfolio=hanh-trinh-giam-nhua-cac-ban-nho-bat-dau-tu-nhung-buoc-nho\" rel=\"bookmark\" aria-label=\"H\u00e0nh tr\u00ecnh &#8220;Gi\u1ea3m nh\u1ef1a&#8221; &#8211; C\u00e1c b\u1ea1n nh\u1ecf b\u1eaft \u0111\u1ea7u t\u1eeb nh\u1eefng b\u01b0\u1edbc nh\u1ecf\"><\/a>\r\n\t\t\t\t<div class=\"w-grid-item-elm usg_post_image_1 post_image\"><img loading=\"lazy\" decoding=\"async\" width=\"600\" height=\"400\" src=\"https:\/\/cab-vietnam.org\/wp-content\/uploads\/2025\/05\/501485524_1024763356467177_7508851144770671433_n-600x400.jpg\" class=\"attachment-us_600_0 size-us_600_0 wp-post-image\" alt=\"\" srcset=\"https:\/\/cab-vietnam.org\/wp-content\/uploads\/2025\/05\/501485524_1024763356467177_7508851144770671433_n-600x400.jpg 600w, https:\/\/cab-vietnam.org\/wp-content\/uploads\/2025\/05\/501485524_1024763356467177_7508851144770671433_n-300x200.jpg 300w, https:\/\/cab-vietnam.org\/wp-content\/uploads\/2025\/05\/501485524_1024763356467177_7508851144770671433_n-1024x683.jpg 1024w, https:\/\/cab-vietnam.org\/wp-content\/uploads\/2025\/05\/501485524_1024763356467177_7508851144770671433_n-1536x1024.jpg 1536w, https:\/\/cab-vietnam.org\/wp-content\/uploads\/2025\/05\/501485524_1024763356467177_7508851144770671433_n.jpg 2048w\" sizes=\"(max-width: 600px) 100vw, 600px\" \/><\/div><div class=\"w-vwrapper usg_vwrapper_1 align_left valign_top bg_gradient \"><h2 class=\"w-grid-item-elm usg_post_title_1 color_link_inherit with_text_color post_title entry-title\">H\u00e0nh tr\u00ecnh &#8220;Gi\u1ea3m nh\u1ef1a&#8221; &#8211; C\u00e1c b\u1ea1n nh\u1ecf b\u1eaft \u0111\u1ea7u t\u1eeb nh\u1eefng b\u01b0\u1edbc nh\u1ecf<\/h2><time class=\"w-grid-item-elm usg_post_date_1 with_text_color post_date entry-date published\" datetime=\"2025-05-28 11:00:49\">Th\u00e1ng N\u0103m 28, 2025<\/time><\/div>\t<\/div>\r\n<\/article>\r\n<article class=\"w-grid-item ratio_1x1 size_1x1 post-13202 us_portfolio type-us_portfolio status-publish has-post-thumbnail hentry us_portfolio_category-ban-tin-vi us_portfolio_category-du-an-vi\" data-id=\"13202\">\r\n\t<div class=\"w-grid-item-h\">\r\n\t\t\t\t\t<a class=\"w-grid-item-anchor\" href=\"https:\/\/cab-vietnam.org\/?us_portfolio=hanh-trinh-truong-hoc-giam-nhua-voi-su-dong-hanh-cua-ban-be-quoc-te\" rel=\"bookmark\" aria-label=\"H\u00e0nh tr\u00ecnh tr\u01b0\u1eddng h\u1ecdc gi\u1ea3m nh\u1ef1a v\u1edbi s\u1ef1 \u0111\u1ed3ng h\u00e0nh c\u1ee7a b\u1ea1n b\u00e8 qu\u1ed1c t\u1ebf\"><\/a>\r\n\t\t\t\t<div class=\"w-grid-item-elm usg_post_image_1 post_image\"><img loading=\"lazy\" decoding=\"async\" width=\"600\" height=\"313\" src=\"https:\/\/cab-vietnam.org\/wp-content\/uploads\/2025\/09\/495619320_1011008951175951_1912918366758774792_n-600x313.jpg\" class=\"attachment-us_600_0 size-us_600_0 wp-post-image\" alt=\"\" srcset=\"https:\/\/cab-vietnam.org\/wp-content\/uploads\/2025\/09\/495619320_1011008951175951_1912918366758774792_n-600x313.jpg 600w, https:\/\/cab-vietnam.org\/wp-content\/uploads\/2025\/09\/495619320_1011008951175951_1912918366758774792_n-300x157.jpg 300w, https:\/\/cab-vietnam.org\/wp-content\/uploads\/2025\/09\/495619320_1011008951175951_1912918366758774792_n-1024x535.jpg 1024w, https:\/\/cab-vietnam.org\/wp-content\/uploads\/2025\/09\/495619320_1011008951175951_1912918366758774792_n-1536x803.jpg 1536w, https:\/\/cab-vietnam.org\/wp-content\/uploads\/2025\/09\/495619320_1011008951175951_1912918366758774792_n.jpg 2048w\" sizes=\"(max-width: 600px) 100vw, 600px\" \/><\/div><div class=\"w-vwrapper usg_vwrapper_1 align_left valign_top bg_gradient \"><h2 class=\"w-grid-item-elm usg_post_title_1 color_link_inherit with_text_color post_title entry-title\">H\u00e0nh tr\u00ecnh tr\u01b0\u1eddng h\u1ecdc gi\u1ea3m nh\u1ef1a v\u1edbi s\u1ef1 \u0111\u1ed3ng h\u00e0nh c\u1ee7a b\u1ea1n b\u00e8 qu\u1ed1c t\u1ebf<\/h2><time class=\"w-grid-item-elm usg_post_date_1 with_text_color post_date entry-date published\" datetime=\"2025-05-08 09:00:42\">Th\u00e1ng N\u0103m 8, 2025<\/time><\/div>\t<\/div>\r\n<\/article>\r\n<\/div>\t<div class=\"w-grid-json hidden\" onclick='return {&quot;ajax_url&quot;:&quot;https:\\\/\\\/cab-vietnam.org\\\/wp-admin\\\/admin-ajax.php&quot;,&quot;permalink_url&quot;:&quot;https:\\\/\\\/cab-vietnam.org\\\/?us_portfolio=hanh-trinh-truong-hoc-giam-nhua-voi-su-dong-hanh-cua-ban-be-quoc-te&quot;,&quot;action&quot;:&quot;us_ajax_grid&quot;,&quot;max_num_pages&quot;:6,&quot;infinite_scroll&quot;:0,&quot;template_vars&quot;:{&quot;query_args&quot;:{&quot;post_type&quot;:[&quot;us_portfolio&quot;],&quot;tax_query&quot;:[{&quot;taxonomy&quot;:&quot;us_portfolio_category&quot;,&quot;field&quot;:&quot;slug&quot;,&quot;terms&quot;:[&quot;ban-tin-vi&quot;]}],&quot;orderby&quot;:{&quot;date&quot;:&quot;DESC&quot;},&quot;posts_per_page&quot;:&quot;6&quot;,&quot;post_status&quot;:[&quot;publish&quot;,&quot;tribe-ea-success&quot;,&quot;tribe-ea-failed&quot;,&quot;tribe-ea-schedule&quot;,&quot;tribe-ea-pending&quot;,&quot;tribe-ea-draft&quot;]},&quot;post_id&quot;:8,&quot;us_grid_index&quot;:1,&quot;exclude_items&quot;:&quot;none&quot;,&quot;items_offset&quot;:&quot;1&quot;,&quot;items_layout&quot;:&quot;portfolio_2&quot;,&quot;type&quot;:&quot;grid&quot;,&quot;columns&quot;:&quot;3&quot;,&quot;img_size&quot;:&quot;us_600_0&quot;},&quot;carousel_settings&quot;:{&quot;items&quot;:&quot;3&quot;,&quot;nav&quot;:0,&quot;dots&quot;:0,&quot;center&quot;:0,&quot;autoplay&quot;:0,&quot;timeout&quot;:3000,&quot;autoheight&quot;:0,&quot;slideby&quot;:&quot;1&quot;},&quot;carousel_breakpoints&quot;:{&quot;1200&quot;:{&quot;items&quot;:&quot;3&quot;},&quot;900&quot;:{&quot;items&quot;:3,&quot;autoplay&quot;:1,&quot;autoplayHoverPausev&quot;:1},&quot;600&quot;:{&quot;items&quot;:2,&quot;autoplay&quot;:1,&quot;autoplayHoverPausev&quot;:1},&quot;0&quot;:{&quot;items&quot;:1,&quot;autoHeight&quot;:true,&quot;autoplay&quot;:1,&quot;autoplayHoverPause&quot;:1}}}'><\/div>\r\n<\/div><div class=\"w-separator type_invisible size_large\"><\/div><\/div><\/div><\/div><\/div><\/div><\/section>\n","protected":false},"excerpt":{"rendered":"D\u1ef1 \u00e1n \"X\u00e2y d\u1ef1ng v\u00e0 Th\u1ef1c hi\u1ec7n L\u1ed9 tr\u00ecnh gi\u1ea3m s\u1eed d\u1ee5ng \u0111\u1ed3 nh\u1ef1a d\u00f9ng m\u1ed9t l\u1ea7n trong tr\u01b0\u1eddng h\u1ecdc c\u00f3 s\u1ef1 tham gia t\u1ea1i qu\u1eadn S\u01a1n Tr\u00e0, th\u00e0nh ph\u1ed1 \u0110\u00e0 N\u1eb5ng\" \u0111\u00e3 ch\u00ednh th\u1ee9c kh\u00e9p l\u1ea1i t\u1eeb cu\u1ed1i th\u00e1ng 3. H\u00f4m nay, team CAB Vietnam r\u1ea5t h\u00e2n h\u1ea1nh \u0111\u01b0\u1ee3c \u0111\u00f3n 55 nh\u00e2n vi\u00ean c\u1ee7a...","protected":false},"author":1,"featured_media":0,"parent":0,"menu_order":0,"comment_status":"closed","ping_status":"closed","template":"","meta":{"footnotes":""},"_links":{"self":[{"href":"https:\/\/cab-vietnam.org\/index.php?rest_route=\/wp\/v2\/pages\/8"}],"collection":[{"href":"https:\/\/cab-vietnam.org\/index.php?rest_route=\/wp\/v2\/pages"}],"about":[{"href":"https:\/\/cab-vietnam.org\/index.php?rest_route=\/wp\/v2\/types\/page"}],"author":[{"embeddable":true,"href":"https:\/\/cab-vietnam.org\/index.php?rest_route=\/wp\/v2\/users\/1"}],"replies":[{"embeddable":true,"href":"https:\/\/cab-vietnam.org\/index.php?rest_route=%2Fwp%2Fv2%2Fcomments&post=8"}],"version-history":[{"count":35,"href":"https:\/\/cab-vietnam.org\/index.php?rest_route=\/wp\/v2\/pages\/8\/revisions"}],"predecessor-version":[{"id":12535,"href":"https:\/\/cab-vietnam.org\/index.php?rest_route=\/wp\/v2\/pages\/8\/revisions\/12535"}],"wp:attachment":[{"href":"https:\/\/cab-vietnam.org\/index.php?rest_route=%2Fwp%2Fv2%2Fmedia&parent=8"}],"curies":[{"name":"wp","href":"https:\/\/api.w.org\/{rel}","templated":true}]}}